{"id":29,"date":"2024-04-27T13:09:30","date_gmt":"2024-04-27T13:09:30","guid":{"rendered":"https:\/\/kierkekkuafor.com\/?page_id=29"},"modified":"2024-04-28T11:51:53","modified_gmt":"2024-04-28T11:51:53","slug":"hizmetlerimiz","status":"publish","type":"page","link":"https:\/\/kierkekkuafor.com\/?page_id=29","title":{"rendered":"Hizmetlerimiz"},"content":{"rendered":"\n<ul class=\"has-white-background-color has-background wp-block-list\">\n<li>Sa\u00e7 &amp; Sakal Kesimi<\/li>\n\n\n\n<li>Sa\u00e7 Bak\u0131m\u0131<\/li>\n\n\n\n<li>\u00c7ocuk T\u0131ra\u015f\u0131<\/li>\n\n\n\n<li>Ya\u015fl\u0131 T\u0131ra\u015f\u0131<\/li>\n\n\n\n<li>Damat T\u0131ra\u015f\u0131<\/li>\n<\/ul>\n\n\n\n<p class=\"has-white-background-color has-background\">Yerimizde sundu\u011fumuz hizmetlere ek olarak yerinizde de hizmet vermekteyiz. Bilgi ve randevu almak i\u00e7in 0216 326 44 54 numaral\u0131 telefondan bize ula\u015fabilirsiniz.<\/p>\n","protected":false},"excerpt":{"rendered":"<p>Yerimizde sundu\u011fumuz hizmetlere ek olarak yerinizde de hizmet vermekteyiz. Bilgi ve randevu almak i\u00e7in 0216 326 44 54 numaral\u0131 telefondan bize ula\u015fabilirsiniz.<\/p>\n","protected":false},"author":1,"featured_media":0,"parent":0,"menu_order":0,"comment_status":"closed","ping_status":"closed","template":"","meta":{"footnotes":""},"class_list":["post-29","page","type-page","status-publish","hentry"],"_links":{"self":[{"href":"https:\/\/kierkekkuafor.com\/index.php?rest_route=\/wp\/v2\/pages\/29","targetHints":{"allow":["GET"]}}],"collection":[{"href":"https:\/\/kierkekkuafor.com\/index.php?rest_route=\/wp\/v2\/pages"}],"about":[{"href":"https:\/\/kierkekkuafor.com\/index.php?rest_route=\/wp\/v2\/types\/page"}],"author":[{"embeddable":true,"href":"https:\/\/kierkekkuafor.com\/index.php?rest_route=\/wp\/v2\/users\/1"}],"replies":[{"embeddable":true,"href":"https:\/\/kierkekkuafor.com\/index.php?rest_route=%2Fwp%2Fv2%2Fcomments&post=29"}],"version-history":[{"count":9,"href":"https:\/\/kierkekkuafor.com\/index.php?rest_route=\/wp\/v2\/pages\/29\/revisions"}],"predecessor-version":[{"id":75,"href":"https:\/\/kierkekkuafor.com\/index.php?rest_route=\/wp\/v2\/pages\/29\/revisions\/75"}],"wp:attachment":[{"href":"https:\/\/kierkekkuafor.com\/index.php?rest_route=%2Fwp%2Fv2%2Fmedia&parent=29"}],"curies":[{"name":"wp","href":"https:\/\/api.w.org\/{rel}","templated":true}]}}