{"id":12,"date":"2024-04-27T12:48:26","date_gmt":"2024-04-27T12:48:26","guid":{"rendered":"https:\/\/kierkekkuafor.com\/?page_id=12"},"modified":"2024-04-29T12:31:58","modified_gmt":"2024-04-29T12:31:58","slug":"ulasim","status":"publish","type":"page","link":"https:\/\/kierkekkuafor.com\/?page_id=12","title":{"rendered":"Ula\u015f\u0131m"},"content":{"rendered":"\n<p class=\"has-black-color has-white-background-color has-text-color has-background has-link-color wp-elements-a6d71fe972b93ef394eec975bb0771b9\">Adres: Ac\u0131badem, Shaba Life Club, \u00c7e\u00e7en Sok. No:46 Kad\u0131k\u00f6y \u0130stanbul<br>Tel: +90 216 326 44 56<\/p>\n\n\n\n<iframe src=\"https:\/\/www.google.com\/maps\/embed?pb=!1m18!1m12!1m3!1d3011.0093742015474!2d29.050579076424807!3d41.00316801973893!2m3!1f0!2f0!3f0!3m2!1i1024!2i768!4f13.1!3m3!1m2!1s0x14cac7f9b63cd005%3A0x76c4db15eeacf50a!2zS2kgRXJrZWsgS3VhZsO2csO8!5e0!3m2!1str!2str!4v1714227809340!5m2!1str!2str\" width=\"100%\" height=\"450\" style=\"border:0;\" allowfullscreen=\"\" loading=\"lazy\" referrerpolicy=\"no-referrer-when-downgrade\"><\/iframe>\n","protected":false},"excerpt":{"rendered":"<p>Adres: Ac\u0131badem, Shaba Life Club, \u00c7e\u00e7en Sok. No:46 Kad\u0131k\u00f6y \u0130stanbulTel: +90 216 326 44 56<\/p>\n","protected":false},"author":1,"featured_media":0,"parent":0,"menu_order":0,"comment_status":"closed","ping_status":"closed","template":"","meta":{"footnotes":""},"class_list":["post-12","page","type-page","status-publish","hentry"],"_links":{"self":[{"href":"https:\/\/kierkekkuafor.com\/index.php?rest_route=\/wp\/v2\/pages\/12","targetHints":{"allow":["GET"]}}],"collection":[{"href":"https:\/\/kierkekkuafor.com\/index.php?rest_route=\/wp\/v2\/pages"}],"about":[{"href":"https:\/\/kierkekkuafor.com\/index.php?rest_route=\/wp\/v2\/types\/page"}],"author":[{"embeddable":true,"href":"https:\/\/kierkekkuafor.com\/index.php?rest_route=\/wp\/v2\/users\/1"}],"replies":[{"embeddable":true,"href":"https:\/\/kierkekkuafor.com\/index.php?rest_route=%2Fwp%2Fv2%2Fcomments&post=12"}],"version-history":[{"count":10,"href":"https:\/\/kierkekkuafor.com\/index.php?rest_route=\/wp\/v2\/pages\/12\/revisions"}],"predecessor-version":[{"id":82,"href":"https:\/\/kierkekkuafor.com\/index.php?rest_route=\/wp\/v2\/pages\/12\/revisions\/82"}],"wp:attachment":[{"href":"https:\/\/kierkekkuafor.com\/index.php?rest_route=%2Fwp%2Fv2%2Fmedia&parent=12"}],"curies":[{"name":"wp","href":"https:\/\/api.w.org\/{rel}","templated":true}]}}